{"id":1160,"date":"2017-05-25T12:09:08","date_gmt":"2017-05-25T10:09:08","guid":{"rendered":"https:\/\/www.mesers.ch\/en\/?page_id=1160"},"modified":"2024-02-08T19:49:35","modified_gmt":"2024-02-08T18:49:35","slug":"contact","status":"publish","type":"page","link":"https:\/\/www.mesers.ch\/en\/contact\/","title":{"rendered":"CONTACT"},"content":{"rendered":"<p>[et_pb_section fb_built=&#8221;1&#8243; admin_label=&#8221;section&#8221; _builder_version=&#8221;4.16&#8243; custom_padding=&#8221;||0px|&#8221; transparent_background=&#8221;off&#8221; make_fullwidth=&#8221;off&#8221; use_custom_width=&#8221;off&#8221; width_unit=&#8221;on&#8221; global_colors_info=&#8221;{}&#8221;][et_pb_row column_structure=&#8221;1_2,1_2&#8243; admin_label=&#8221;row&#8221; _builder_version=&#8221;4.16&#8243; background_size=&#8221;initial&#8221; background_position=&#8221;top_left&#8221; background_repeat=&#8221;repeat&#8221; custom_padding=&#8221;||0px|&#8221; make_fullwidth=&#8221;off&#8221; use_custom_width=&#8221;off&#8221; width_unit=&#8221;on&#8221; global_colors_info=&#8221;{}&#8221;][et_pb_column type=&#8221;1_2&#8243; _builder_version=&#8221;4.16&#8243; custom_padding=&#8221;|||&#8221; global_colors_info=&#8221;{}&#8221; custom_padding__hover=&#8221;|||&#8221;][et_pb_divider show_divider=&#8221;off&#8221; disabled_on=&#8221;on|on|&#8221; admin_label=&#8221;S\u00e9parateur&#8221; _builder_version=&#8221;4.16&#8243; height=&#8221;60px&#8221; hide_on_mobile=&#8221;on&#8221; global_colors_info=&#8221;{}&#8221;][\/et_pb_divider][et_pb_contact_form use_spam_service=&#8221;on&#8221; recaptcha_list=&#8221;MESERS &#8211; V3|MESERS &#8211; V3-0&#8243; email=&#8221;info@osteopathe-vallon.ch&#8221; admin_label=&#8221;Formulaire de contact&#8221; _builder_version=&#8221;4.24.0&#8243; _unique_id=&#8221;24f91a55-e940-4b8f-8f78-77b5c30dbd08&#8243; hover_enabled=&#8221;0&#8243; border_radii=&#8221;on|0px|0px|0px|0px&#8221; use_border_color=&#8221;off&#8221; border_color=&#8221;#ffffff&#8221; border_style=&#8221;solid&#8221; input_border_radius=&#8221;0&#8243; global_colors_info=&#8221;{}&#8221; sticky_enabled=&#8221;0&#8243;][et_pb_contact_field field_id=&#8221;NAME&#8221; field_title=&#8221;Name&#8221; _builder_version=&#8221;4.24.0&#8243; form_field_font=&#8221;||||&#8221; use_border_color=&#8221;off&#8221; border_style=&#8221;solid&#8221; global_colors_info=&#8221;{}&#8221; button_text_size__hover_enabled=&#8221;off&#8221; button_one_text_size__hover_enabled=&#8221;off&#8221; button_two_text_size__hover_enabled=&#8221;off&#8221; button_text_color__hover_enabled=&#8221;off&#8221; button_one_text_color__hover_enabled=&#8221;off&#8221; button_two_text_color__hover_enabled=&#8221;off&#8221; button_border_width__hover_enabled=&#8221;off&#8221; button_one_border_width__hover_enabled=&#8221;off&#8221; button_two_border_width__hover_enabled=&#8221;off&#8221; button_border_color__hover_enabled=&#8221;off&#8221; button_one_border_color__hover_enabled=&#8221;off&#8221; button_two_border_color__hover_enabled=&#8221;off&#8221; button_border_radius__hover_enabled=&#8221;off&#8221; button_one_border_radius__hover_enabled=&#8221;off&#8221; button_two_border_radius__hover_enabled=&#8221;off&#8221; button_letter_spacing__hover_enabled=&#8221;off&#8221; button_one_letter_spacing__hover_enabled=&#8221;off&#8221; button_two_letter_spacing__hover_enabled=&#8221;off&#8221; button_bg_color__hover_enabled=&#8221;off&#8221; button_one_bg_color__hover_enabled=&#8221;off&#8221; button_two_bg_color__hover_enabled=&#8221;off&#8221;][\/et_pb_contact_field][et_pb_contact_field field_id=&#8221;SURNAME&#8221; field_title=&#8221;Surname&#8221; _builder_version=&#8221;4.24.0&#8243; form_field_font=&#8221;||||&#8221; use_border_color=&#8221;off&#8221; border_style=&#8221;solid&#8221; global_colors_info=&#8221;{}&#8221; button_text_size__hover_enabled=&#8221;off&#8221; button_one_text_size__hover_enabled=&#8221;off&#8221; button_two_text_size__hover_enabled=&#8221;off&#8221; button_text_color__hover_enabled=&#8221;off&#8221; button_one_text_color__hover_enabled=&#8221;off&#8221; button_two_text_color__hover_enabled=&#8221;off&#8221; button_border_width__hover_enabled=&#8221;off&#8221; button_one_border_width__hover_enabled=&#8221;off&#8221; button_two_border_width__hover_enabled=&#8221;off&#8221; button_border_color__hover_enabled=&#8221;off&#8221; button_one_border_color__hover_enabled=&#8221;off&#8221; button_two_border_color__hover_enabled=&#8221;off&#8221; button_border_radius__hover_enabled=&#8221;off&#8221; button_one_border_radius__hover_enabled=&#8221;off&#8221; button_two_border_radius__hover_enabled=&#8221;off&#8221; button_letter_spacing__hover_enabled=&#8221;off&#8221; button_one_letter_spacing__hover_enabled=&#8221;off&#8221; button_two_letter_spacing__hover_enabled=&#8221;off&#8221; button_bg_color__hover_enabled=&#8221;off&#8221; button_one_bg_color__hover_enabled=&#8221;off&#8221; button_two_bg_color__hover_enabled=&#8221;off&#8221;][\/et_pb_contact_field][et_pb_contact_field field_id=&#8221;TELEPHONE&#8221; field_title=&#8221;Phone&#8221; _builder_version=&#8221;4.24.0&#8243; form_field_font=&#8221;||||&#8221; use_border_color=&#8221;off&#8221; border_style=&#8221;solid&#8221; global_colors_info=&#8221;{}&#8221; button_text_size__hover_enabled=&#8221;off&#8221; button_one_text_size__hover_enabled=&#8221;off&#8221; button_two_text_size__hover_enabled=&#8221;off&#8221; button_text_color__hover_enabled=&#8221;off&#8221; button_one_text_color__hover_enabled=&#8221;off&#8221; button_two_text_color__hover_enabled=&#8221;off&#8221; button_border_width__hover_enabled=&#8221;off&#8221; button_one_border_width__hover_enabled=&#8221;off&#8221; button_two_border_width__hover_enabled=&#8221;off&#8221; button_border_color__hover_enabled=&#8221;off&#8221; button_one_border_color__hover_enabled=&#8221;off&#8221; button_two_border_color__hover_enabled=&#8221;off&#8221; button_border_radius__hover_enabled=&#8221;off&#8221; button_one_border_radius__hover_enabled=&#8221;off&#8221; button_two_border_radius__hover_enabled=&#8221;off&#8221; button_letter_spacing__hover_enabled=&#8221;off&#8221; button_one_letter_spacing__hover_enabled=&#8221;off&#8221; button_two_letter_spacing__hover_enabled=&#8221;off&#8221; button_bg_color__hover_enabled=&#8221;off&#8221; button_one_bg_color__hover_enabled=&#8221;off&#8221; button_two_bg_color__hover_enabled=&#8221;off&#8221;][\/et_pb_contact_field][et_pb_contact_field field_id=&#8221;EMAIL&#8221; field_title=&#8221;E-mail&#8221; field_type=&#8221;email&#8221; _builder_version=&#8221;4.24.0&#8243; form_field_font=&#8221;||||&#8221; use_border_color=&#8221;off&#8221; border_style=&#8221;solid&#8221; global_colors_info=&#8221;{}&#8221; button_text_size__hover_enabled=&#8221;off&#8221; button_one_text_size__hover_enabled=&#8221;off&#8221; button_two_text_size__hover_enabled=&#8221;off&#8221; button_text_color__hover_enabled=&#8221;off&#8221; button_one_text_color__hover_enabled=&#8221;off&#8221; button_two_text_color__hover_enabled=&#8221;off&#8221; button_border_width__hover_enabled=&#8221;off&#8221; button_one_border_width__hover_enabled=&#8221;off&#8221; button_two_border_width__hover_enabled=&#8221;off&#8221; button_border_color__hover_enabled=&#8221;off&#8221; button_one_border_color__hover_enabled=&#8221;off&#8221; button_two_border_color__hover_enabled=&#8221;off&#8221; button_border_radius__hover_enabled=&#8221;off&#8221; button_one_border_radius__hover_enabled=&#8221;off&#8221; button_two_border_radius__hover_enabled=&#8221;off&#8221; button_letter_spacing__hover_enabled=&#8221;off&#8221; button_one_letter_spacing__hover_enabled=&#8221;off&#8221; button_two_letter_spacing__hover_enabled=&#8221;off&#8221; button_bg_color__hover_enabled=&#8221;off&#8221; button_one_bg_color__hover_enabled=&#8221;off&#8221; button_two_bg_color__hover_enabled=&#8221;off&#8221;][\/et_pb_contact_field][et_pb_contact_field field_id=&#8221;MESSAGE&#8221; field_title=&#8221;Message&#8221; field_type=&#8221;text&#8221; fullwidth_field=&#8221;on&#8221; _builder_version=&#8221;4.16&#8243; form_field_font=&#8221;||||&#8221; use_border_color=&#8221;off&#8221; border_style=&#8221;solid&#8221; global_colors_info=&#8221;{}&#8221; button_text_size__hover_enabled=&#8221;off&#8221; button_one_text_size__hover_enabled=&#8221;off&#8221; button_two_text_size__hover_enabled=&#8221;off&#8221; button_text_color__hover_enabled=&#8221;off&#8221; button_one_text_color__hover_enabled=&#8221;off&#8221; button_two_text_color__hover_enabled=&#8221;off&#8221; button_border_width__hover_enabled=&#8221;off&#8221; button_one_border_width__hover_enabled=&#8221;off&#8221; button_two_border_width__hover_enabled=&#8221;off&#8221; button_border_color__hover_enabled=&#8221;off&#8221; button_one_border_color__hover_enabled=&#8221;off&#8221; button_two_border_color__hover_enabled=&#8221;off&#8221; button_border_radius__hover_enabled=&#8221;off&#8221; button_one_border_radius__hover_enabled=&#8221;off&#8221; button_two_border_radius__hover_enabled=&#8221;off&#8221; button_letter_spacing__hover_enabled=&#8221;off&#8221; button_one_letter_spacing__hover_enabled=&#8221;off&#8221; button_two_letter_spacing__hover_enabled=&#8221;off&#8221; button_bg_color__hover_enabled=&#8221;off&#8221; button_one_bg_color__hover_enabled=&#8221;off&#8221; button_two_bg_color__hover_enabled=&#8221;off&#8221;][\/et_pb_contact_field][et_pb_contact_field field_id=&#8221;acceptance&#8221; field_title=&#8221;Privacy Policy&#8221; field_type=&#8221;checkbox&#8221; checkbox_options=&#8221;%91{%22value%22:%22To submit this form, you must accept our %22,%22checked%22:0,%22dragID%22:-1,%22link_text%22:%22Privacy Policy%22,%22link_url%22:%22\/en\/privacy-policy\/%22}%93&#8243; fullwidth_field=&#8221;on&#8221; _builder_version=&#8221;4.19.5&#8243; _module_preset=&#8221;default&#8221; global_colors_info=&#8221;{}&#8221;][\/et_pb_contact_field][\/et_pb_contact_form][\/et_pb_column][et_pb_column type=&#8221;1_2&#8243; _builder_version=&#8221;4.16&#8243; custom_padding=&#8221;|||&#8221; global_colors_info=&#8221;{}&#8221; custom_padding__hover=&#8221;|||&#8221;][et_pb_image src=&#8221;https:\/\/www.mesers.ch\/wp-content\/uploads\/2017\/04\/Osteopathe-Service-Nyon.jpg&#8221; url=&#8221;http:\/\/www.osteopathe-nyon.ch\/&#8221; align=&#8221;center&#8221; align_tablet=&#8221;center&#8221; align_phone=&#8221;&#8221; align_last_edited=&#8221;on|desktop&#8221; admin_label=&#8221;Image&#8221; _builder_version=&#8221;4.16&#8243; max_width=&#8221;300px&#8221; custom_margin=&#8221;20px|||&#8221; use_border_color=&#8221;off&#8221; border_color=&#8221;#ffffff&#8221; border_style=&#8221;solid&#8221; animation=&#8221;off&#8221; sticky=&#8221;off&#8221; always_center_on_mobile=&#8221;on&#8221; global_colors_info=&#8221;{}&#8221;][\/et_pb_image][\/et_pb_column][\/et_pb_row][\/et_pb_section][et_pb_section fb_built=&#8221;1&#8243; admin_label=&#8221;Section&#8221; _builder_version=&#8221;4.16&#8243; custom_padding=&#8221;||0px|&#8221; transparent_background=&#8221;off&#8221; make_fullwidth=&#8221;off&#8221; use_custom_width=&#8221;off&#8221; width_unit=&#8221;on&#8221; global_colors_info=&#8221;{}&#8221;][et_pb_row column_structure=&#8221;1_4,1_2,1_4&#8243; admin_label=&#8221;Ligne&#8221; _builder_version=&#8221;4.16&#8243; background_size=&#8221;initial&#8221; background_position=&#8221;top_left&#8221; background_repeat=&#8221;repeat&#8221; custom_padding=&#8221;0px|0px|0px|0px&#8221; make_fullwidth=&#8221;off&#8221; use_custom_width=&#8221;off&#8221; width_unit=&#8221;on&#8221; global_colors_info=&#8221;{}&#8221;][et_pb_column type=&#8221;1_4&#8243; _builder_version=&#8221;4.16&#8243; custom_padding=&#8221;|||&#8221; global_colors_info=&#8221;{}&#8221; custom_padding__hover=&#8221;|||&#8221;][\/et_pb_column][et_pb_column type=&#8221;1_2&#8243; _builder_version=&#8221;4.16&#8243; custom_padding=&#8221;|||&#8221; global_colors_info=&#8221;{}&#8221; custom_padding__hover=&#8221;|||&#8221;][et_pb_image src=&#8221;https:\/\/www.mesers.ch\/wp-content\/uploads\/2017\/04\/Gris-fonce-Mesers_w.png&#8221; align=&#8221;center&#8221; align_tablet=&#8221;center&#8221; align_phone=&#8221;&#8221; align_last_edited=&#8221;on|desktop&#8221; admin_label=&#8221;Image&#8221; _builder_version=&#8221;4.16&#8243; custom_margin=&#8221;||40px|&#8221; use_border_color=&#8221;off&#8221; border_color=&#8221;#ffffff&#8221; border_style=&#8221;solid&#8221; animation=&#8221;off&#8221; sticky=&#8221;off&#8221; always_center_on_mobile=&#8221;on&#8221; global_colors_info=&#8221;{}&#8221;][\/et_pb_image][et_pb_text admin_label=&#8221;Texte&#8221; module_class=&#8221;adresse&#8221; _builder_version=&#8221;4.24.0&#8243; background_size=&#8221;initial&#8221; background_position=&#8221;top_left&#8221; background_repeat=&#8221;repeat&#8221; text_orientation=&#8221;center&#8221; module_alignment=&#8221;center&#8221; custom_margin=&#8221;0px|0px|40px|0px&#8221; use_border_color=&#8221;off&#8221; border_color=&#8221;#ffffff&#8221; border_style=&#8221;solid&#8221; global_colors_info=&#8221;{}&#8221;]<\/p>\n<h4 style=\"text-align: center; font-size: 14px; line-height: 26px;\">M\u00e9thode M.E.S.E.R.S.\u00ae<\/h4>\n<p style=\"text-align: center; font-size: 14px; line-height: 26px;\">CABINET DU VALLON<br \/><span>Sport &amp; Sant\u00e9 S\u00e0rl<\/span><br \/>Chemin du Vallon 3<br \/>1260 Nyon<br \/>T\u00e9l : <a href=\"tel:022 362 01 80\">022 362 01 80<\/a><\/p>\n<div style=\"font-size: 14px; line-height: 26px;\">info@osteopathe-vallon.ch<\/div>\n<div style=\"font-size: 14px; line-height: 26px;\"><a href=\"http:\/\/www.osteopathe-vallon.ch\" target=\"_blank\" rel=\"noopener\"><span style=\"color: #3366ff;\">www.osteopathe-vall<\/span><span style=\"color: #3366ff;\">on.ch<\/span><\/a><\/div>\n<div style=\"padding-bottom: 40px;\"><\/div>\n<p>[\/et_pb_text][et_pb_text admin_label=&#8221;Texte&#8221; _builder_version=&#8221;4.16&#8243; background_size=&#8221;initial&#8221; background_position=&#8221;top_left&#8221; background_repeat=&#8221;repeat&#8221; text_orientation=&#8221;center&#8221; module_alignment=&#8221;center&#8221; use_border_color=&#8221;off&#8221; border_color=&#8221;#ffffff&#8221; border_style=&#8221;solid&#8221; global_colors_info=&#8221;{}&#8221;][\/et_pb_text][et_pb_text disabled_on=&#8221;on|on|on&#8221; admin_label=&#8221;Texte&#8221; _builder_version=&#8221;4.16&#8243; background_size=&#8221;initial&#8221; background_position=&#8221;top_left&#8221; background_repeat=&#8221;repeat&#8221; text_orientation=&#8221;center&#8221; module_alignment=&#8221;center&#8221; use_border_color=&#8221;off&#8221; border_color=&#8221;#ffffff&#8221; border_style=&#8221;solid&#8221; disabled=&#8221;on&#8221; global_colors_info=&#8221;{}&#8221;]<\/p>\n<div style=\"padding-bottom: 40px;\"><\/div>\n<div class=\"left\" style=\"font-size: 14px; line-height: 26px;\">FITNESS SPORT SANTE SARL<br \/>\nChemin de la Fontaine 2<br \/>\nE-mail : <a href=\"mailto:fontaines@worldcom.ch\">fontaines@worldcom.ch<\/a><br \/>\nT\u00e9l : <a href=\"tel:022 362 66 00\">022 362 66 00<\/a><\/div>\n<div class=\"right\" style=\"font-size: 14px; line-height: 26px;\">CABINET DU VALLON<br \/>\nChemin du Vallon 3<br \/>\n1260 Nyon<br \/>\nT\u00e9l : <a href=\"tel:022 362 01 80\">022 362 01 80<\/a><\/div>\n<p>[\/et_pb_text][\/et_pb_column][et_pb_column type=&#8221;1_4&#8243; _builder_version=&#8221;4.16&#8243; custom_padding=&#8221;|||&#8221; global_colors_info=&#8221;{}&#8221; custom_padding__hover=&#8221;|||&#8221;][\/et_pb_column][\/et_pb_row][\/et_pb_section][et_pb_section fb_built=&#8221;1&#8243; admin_label=&#8221;Section&#8221; _builder_version=&#8221;4.16&#8243; custom_padding=&#8221;0px|||&#8221; transparent_background=&#8221;off&#8221; make_fullwidth=&#8221;off&#8221; use_custom_width=&#8221;off&#8221; width_unit=&#8221;on&#8221; global_colors_info=&#8221;{}&#8221;][et_pb_row admin_label=&#8221;Ligne&#8221; _builder_version=&#8221;4.16&#8243; background_size=&#8221;initial&#8221; background_position=&#8221;top_left&#8221; background_repeat=&#8221;repeat&#8221; global_colors_info=&#8221;{}&#8221;][et_pb_column type=&#8221;4_4&#8243; _builder_version=&#8221;4.16&#8243; custom_padding=&#8221;|||&#8221; global_colors_info=&#8221;{}&#8221; custom_padding__hover=&#8221;|||&#8221;][et_pb_code admin_label=&#8221;Code&#8221; _builder_version=&#8221;4.16&#8243; global_colors_info=&#8221;{}&#8221;]<iframe loading=\"lazy\" src=\"https:\/\/www.google.com\/maps\/embed?pb=!1m18!1m12!1m3!1d2752.176384991649!2d6.24290831558853!3d46.3857265791226!2m3!1f0!2f0!3f0!3m2!1i1024!2i768!4f13.1!3m3!1m2!1s0x478c4320f5564429%3A0x310fef4962851705!2sChemin+du+Vallon+3%2C+1260+Nyon%2C+Suisse!5e0!3m2!1sfr!2s!4v1492096299786\" width=\"100%\" height=\"450\" frameborder=\"0\" style=\"border:0\" allowfullscreen><\/iframe>[\/et_pb_code][\/et_pb_column][\/et_pb_row][\/et_pb_section]<\/p>\n","protected":false},"excerpt":{"rendered":"<p>M\u00e9thode M.E.S.E.R.S.\u00ae CABINET DU VALLONSport &amp; Sant\u00e9 S\u00e0rlChemin du Vallon 31260 NyonT\u00e9l : 022 362 01 80 info@osteopathe-vallon.ch www.osteopathe-vallon.ch FITNESS SPORT SANTE SARL Chemin de la Fontaine 2 E-mail : fontaines@worldcom.ch T\u00e9l : 022 362 66 00 CABINET DU VALLON Chemin du Vallon 3 1260 Nyon T\u00e9l : 022 362 01 80<\/p>\n","protected":false},"author":3,"featured_media":0,"parent":0,"menu_order":0,"comment_status":"closed","ping_status":"closed","template":"","meta":{"_et_pb_use_builder":"on","_et_pb_old_content":"","_et_gb_content_width":"","footnotes":""},"class_list":["post-1160","page","type-page","status-publish","hentry"],"yoast_head":"<!-- This site is optimized with the Yoast SEO plugin v24.3 - https:\/\/yoast.com\/wordpress\/plugins\/seo\/ -->\n<title>M.E.S.E.R.S Method | Contact<\/title>\n<meta name=\"description\" content=\"Contact the office of the Vallon based in Nyon by mail or by telephone to benefit from the method M.E.S.E.R.S as well as its many advantages for your health.\" \/>\n<meta name=\"robots\" content=\"index, follow, max-snippet:-1, max-image-preview:large, max-video-preview:-1\" \/>\n<link rel=\"canonical\" href=\"https:\/\/www.mesers.ch\/en\/contact\/\" \/>\n<meta property=\"og:locale\" content=\"en_US\" \/>\n<meta property=\"og:type\" content=\"article\" \/>\n<meta property=\"og:title\" content=\"M.E.S.E.R.S Method | Contact\" \/>\n<meta property=\"og:description\" content=\"Contact the office of the Vallon based in Nyon by mail or by telephone to benefit from the method M.E.S.E.R.S as well as its many advantages for your health.\" \/>\n<meta property=\"og:url\" content=\"https:\/\/www.mesers.ch\/en\/contact\/\" \/>\n<meta property=\"og:site_name\" content=\"MESERS\" \/>\n<meta property=\"article:publisher\" content=\"https:\/\/www.facebook.com\/Cabinet-des-Fontaines-103797781739\/?fref=ts\" \/>\n<meta property=\"article:modified_time\" content=\"2024-02-08T18:49:35+00:00\" \/>\n<meta name=\"twitter:card\" content=\"summary_large_image\" \/>\n<meta name=\"twitter:label1\" content=\"Est. reading time\" \/>\n\t<meta name=\"twitter:data1\" content=\"1 minute\" \/>\n<script type=\"application\/ld+json\" class=\"yoast-schema-graph\">{\"@context\":\"https:\/\/schema.org\",\"@graph\":[{\"@type\":\"WebPage\",\"@id\":\"https:\/\/www.mesers.ch\/en\/contact\/\",\"url\":\"https:\/\/www.mesers.ch\/en\/contact\/\",\"name\":\"M.E.S.E.R.S Method | Contact\",\"isPartOf\":{\"@id\":\"https:\/\/www.mesers.ch\/NEW_2022\/#website\"},\"datePublished\":\"2017-05-25T10:09:08+00:00\",\"dateModified\":\"2024-02-08T18:49:35+00:00\",\"description\":\"Contact the office of the Vallon based in Nyon by mail or by telephone to benefit from the method M.E.S.E.R.S as well as its many advantages for your health.\",\"breadcrumb\":{\"@id\":\"https:\/\/www.mesers.ch\/en\/contact\/#breadcrumb\"},\"inLanguage\":\"en-US\",\"potentialAction\":[{\"@type\":\"ReadAction\",\"target\":[\"https:\/\/www.mesers.ch\/en\/contact\/\"]}]},{\"@type\":\"BreadcrumbList\",\"@id\":\"https:\/\/www.mesers.ch\/en\/contact\/#breadcrumb\",\"itemListElement\":[{\"@type\":\"ListItem\",\"position\":1,\"name\":\"Accueil\",\"item\":\"https:\/\/www.mesers.ch\/en\/\"},{\"@type\":\"ListItem\",\"position\":2,\"name\":\"CONTACT\"}]},{\"@type\":\"WebSite\",\"@id\":\"https:\/\/www.mesers.ch\/NEW_2022\/#website\",\"url\":\"https:\/\/www.mesers.ch\/NEW_2022\/\",\"name\":\"MESERS\",\"description\":\"Osth\u00e9o \/ physio \/ fitness\",\"publisher\":{\"@id\":\"https:\/\/www.mesers.ch\/NEW_2022\/#organization\"},\"potentialAction\":[{\"@type\":\"SearchAction\",\"target\":{\"@type\":\"EntryPoint\",\"urlTemplate\":\"https:\/\/www.mesers.ch\/NEW_2022\/?s={search_term_string}\"},\"query-input\":{\"@type\":\"PropertyValueSpecification\",\"valueRequired\":true,\"valueName\":\"search_term_string\"}}],\"inLanguage\":\"en-US\"},{\"@type\":\"Organization\",\"@id\":\"https:\/\/www.mesers.ch\/NEW_2022\/#organization\",\"name\":\"MESERS\",\"url\":\"https:\/\/www.mesers.ch\/NEW_2022\/\",\"logo\":{\"@type\":\"ImageObject\",\"inLanguage\":\"en-US\",\"@id\":\"https:\/\/www.mesers.ch\/NEW_2022\/#\/schema\/logo\/image\/\",\"url\":\"https:\/\/www.mesers.ch\/wp-content\/uploads\/2017\/05\/Gris-fonce-01_sa.png\",\"contentUrl\":\"https:\/\/www.mesers.ch\/wp-content\/uploads\/2017\/05\/Gris-fonce-01_sa.png\",\"width\":588,\"height\":222,\"caption\":\"MESERS\"},\"image\":{\"@id\":\"https:\/\/www.mesers.ch\/NEW_2022\/#\/schema\/logo\/image\/\"},\"sameAs\":[\"https:\/\/www.facebook.com\/Cabinet-des-Fontaines-103797781739\/?fref=ts\"]}]}<\/script>\n<!-- \/ Yoast SEO plugin. -->","yoast_head_json":{"title":"M.E.S.E.R.S Method | Contact","description":"Contact the office of the Vallon based in Nyon by mail or by telephone to benefit from the method M.E.S.E.R.S as well as its many advantages for your health.","robots":{"index":"index","follow":"follow","max-snippet":"max-snippet:-1","max-image-preview":"max-image-preview:large","max-video-preview":"max-video-preview:-1"},"canonical":"https:\/\/www.mesers.ch\/en\/contact\/","og_locale":"en_US","og_type":"article","og_title":"M.E.S.E.R.S Method | Contact","og_description":"Contact the office of the Vallon based in Nyon by mail or by telephone to benefit from the method M.E.S.E.R.S as well as its many advantages for your health.","og_url":"https:\/\/www.mesers.ch\/en\/contact\/","og_site_name":"MESERS","article_publisher":"https:\/\/www.facebook.com\/Cabinet-des-Fontaines-103797781739\/?fref=ts","article_modified_time":"2024-02-08T18:49:35+00:00","twitter_card":"summary_large_image","twitter_misc":{"Est. reading time":"1 minute"},"schema":{"@context":"https:\/\/schema.org","@graph":[{"@type":"WebPage","@id":"https:\/\/www.mesers.ch\/en\/contact\/","url":"https:\/\/www.mesers.ch\/en\/contact\/","name":"M.E.S.E.R.S Method | Contact","isPartOf":{"@id":"https:\/\/www.mesers.ch\/NEW_2022\/#website"},"datePublished":"2017-05-25T10:09:08+00:00","dateModified":"2024-02-08T18:49:35+00:00","description":"Contact the office of the Vallon based in Nyon by mail or by telephone to benefit from the method M.E.S.E.R.S as well as its many advantages for your health.","breadcrumb":{"@id":"https:\/\/www.mesers.ch\/en\/contact\/#breadcrumb"},"inLanguage":"en-US","potentialAction":[{"@type":"ReadAction","target":["https:\/\/www.mesers.ch\/en\/contact\/"]}]},{"@type":"BreadcrumbList","@id":"https:\/\/www.mesers.ch\/en\/contact\/#breadcrumb","itemListElement":[{"@type":"ListItem","position":1,"name":"Accueil","item":"https:\/\/www.mesers.ch\/en\/"},{"@type":"ListItem","position":2,"name":"CONTACT"}]},{"@type":"WebSite","@id":"https:\/\/www.mesers.ch\/NEW_2022\/#website","url":"https:\/\/www.mesers.ch\/NEW_2022\/","name":"MESERS","description":"Osth\u00e9o \/ physio \/ fitness","publisher":{"@id":"https:\/\/www.mesers.ch\/NEW_2022\/#organization"},"potentialAction":[{"@type":"SearchAction","target":{"@type":"EntryPoint","urlTemplate":"https:\/\/www.mesers.ch\/NEW_2022\/?s={search_term_string}"},"query-input":{"@type":"PropertyValueSpecification","valueRequired":true,"valueName":"search_term_string"}}],"inLanguage":"en-US"},{"@type":"Organization","@id":"https:\/\/www.mesers.ch\/NEW_2022\/#organization","name":"MESERS","url":"https:\/\/www.mesers.ch\/NEW_2022\/","logo":{"@type":"ImageObject","inLanguage":"en-US","@id":"https:\/\/www.mesers.ch\/NEW_2022\/#\/schema\/logo\/image\/","url":"https:\/\/www.mesers.ch\/wp-content\/uploads\/2017\/05\/Gris-fonce-01_sa.png","contentUrl":"https:\/\/www.mesers.ch\/wp-content\/uploads\/2017\/05\/Gris-fonce-01_sa.png","width":588,"height":222,"caption":"MESERS"},"image":{"@id":"https:\/\/www.mesers.ch\/NEW_2022\/#\/schema\/logo\/image\/"},"sameAs":["https:\/\/www.facebook.com\/Cabinet-des-Fontaines-103797781739\/?fref=ts"]}]}},"_links":{"self":[{"href":"https:\/\/www.mesers.ch\/en\/wp-json\/wp\/v2\/pages\/1160","targetHints":{"allow":["GET"]}}],"collection":[{"href":"https:\/\/www.mesers.ch\/en\/wp-json\/wp\/v2\/pages"}],"about":[{"href":"https:\/\/www.mesers.ch\/en\/wp-json\/wp\/v2\/types\/page"}],"author":[{"embeddable":true,"href":"https:\/\/www.mesers.ch\/en\/wp-json\/wp\/v2\/users\/3"}],"replies":[{"embeddable":true,"href":"https:\/\/www.mesers.ch\/en\/wp-json\/wp\/v2\/comments?post=1160"}],"version-history":[{"count":14,"href":"https:\/\/www.mesers.ch\/en\/wp-json\/wp\/v2\/pages\/1160\/revisions"}],"predecessor-version":[{"id":1659,"href":"https:\/\/www.mesers.ch\/en\/wp-json\/wp\/v2\/pages\/1160\/revisions\/1659"}],"wp:attachment":[{"href":"https:\/\/www.mesers.ch\/en\/wp-json\/wp\/v2\/media?parent=1160"}],"curies":[{"name":"wp","href":"https:\/\/api.w.org\/{rel}","templated":true}]}}